{"id":164,"date":"2025-07-24T18:26:27","date_gmt":"2025-07-24T18:26:27","guid":{"rendered":"https:\/\/woodbodys.com\/?page_id=164"},"modified":"2025-07-31T21:02:41","modified_gmt":"2025-07-31T21:02:41","slug":"about-me","status":"publish","type":"page","link":"https:\/\/woodbodys.com\/en\/about-me\/","title":{"rendered":"Quien soy"},"content":{"rendered":"<div data-elementor-type=\"wp-page\" data-elementor-id=\"164\" class=\"elementor elementor-164\" data-elementor-settings=\"{&quot;ha_cmc_init_switcher&quot;:&quot;no&quot;}\" data-elementor-post-type=\"page\">\n\t\t\t\t<div class=\"elementor-element elementor-element-7b8d83d e-flex e-con-boxed e-con e-parent\" data-id=\"7b8d83d\" data-element_type=\"container\" data-e-type=\"container\" data-settings=\"{&quot;background_background&quot;:&quot;classic&quot;,&quot;_ha_eqh_enable&quot;:false}\">\n\t\t\t\t\t<div class=\"e-con-inner\">\n\t\t<div class=\"elementor-element elementor-element-44cf43f e-con-full e-flex e-con e-child\" data-id=\"44cf43f\" data-element_type=\"container\" data-e-type=\"container\" data-settings=\"{&quot;_ha_eqh_enable&quot;:false}\">\n\t\t\t\t<div class=\"elementor-element elementor-element-5684a9a elementor-widget elementor-widget-heading\" data-id=\"5684a9a\" data-element_type=\"widget\" data-e-type=\"widget\" data-widget_type=\"heading.default\">\n\t\t\t\t\t<h2 class=\"elementor-heading-title elementor-size-default\">Your well-being is not a luxury,<\/h2>\t\t\t\t<\/div>\n\t\t\t\t<div class=\"elementor-element elementor-element-7941bf9 elementor-widget elementor-widget-heading\" data-id=\"7941bf9\" data-element_type=\"widget\" data-e-type=\"widget\" data-widget_type=\"heading.default\">\n\t\t\t\t\t<h2 class=\"elementor-heading-title elementor-size-default\">It's a form of self-love.<\/h2>\t\t\t\t<\/div>\n\t\t\t\t<\/div>\n\t\t\t\t\t<\/div>\n\t\t\t\t<\/div>\n\t\t<div class=\"elementor-element elementor-element-ce0bc1f e-flex e-con-boxed e-con e-parent\" data-id=\"ce0bc1f\" data-element_type=\"container\" data-e-type=\"container\" data-settings=\"{&quot;background_background&quot;:&quot;classic&quot;,&quot;_ha_eqh_enable&quot;:false}\">\n\t\t\t\t\t<div class=\"e-con-inner\">\n\t\t\t\t<div class=\"elementor-element elementor-element-e57ca94 elementor-widget__width-initial elementor-widget-mobile__width-initial elementor-widget elementor-widget-html\" data-id=\"e57ca94\" data-element_type=\"widget\" data-e-type=\"widget\" data-widget_type=\"html.default\">\n\t\t\t\t\t<div class=\"slider-loop\">\r\n  <div class=\"slider-track\">\r\n    <img decoding=\"async\" src=\"https:\/\/woodbodys.com\/wp-content\/uploads\/2025\/07\/IMG_5803.jpg\" alt=\"\">\r\n    <img decoding=\"async\" src=\"https:\/\/woodbodys.com\/wp-content\/uploads\/2025\/07\/IMG_5806.jpg\" alt=\"\">\r\n    <img decoding=\"async\" src=\"https:\/\/woodbodys.com\/wp-content\/uploads\/2025\/07\/IMG_5809.jpg\" alt=\"\">\r\n    <img decoding=\"async\" src=\"https:\/\/woodbodys.com\/wp-content\/uploads\/2025\/07\/IMG_5813.jpg\" alt=\"\">\r\n    <img decoding=\"async\" src=\"https:\/\/woodbodys.com\/wp-content\/uploads\/2025\/07\/IMG_5811.jpg\" alt=\"\">\r\n    <!-- duplicamos para que el loop sea fluido -->\r\n    <img decoding=\"async\" src=\"https:\/\/woodbodys.com\/wp-content\/uploads\/2025\/07\/IMG_5803.jpg\" alt=\"\">\r\n    <img decoding=\"async\" src=\"https:\/\/woodbodys.com\/wp-content\/uploads\/2025\/07\/IMG_5806.jpg\" alt=\"\">\r\n    <img decoding=\"async\" src=\"https:\/\/woodbodys.com\/wp-content\/uploads\/2025\/07\/IMG_5809.jpg\" alt=\"\">\r\n    <img decoding=\"async\" src=\"https:\/\/woodbodys.com\/wp-content\/uploads\/2025\/07\/IMG_5813.jpg\" alt=\"\">\r\n    <img decoding=\"async\" src=\"https:\/\/woodbodys.com\/wp-content\/uploads\/2025\/07\/IMG_5811.jpg\" alt=\"\">\r\n  <\/div>\r\n<\/div>\r\n\r\n<style>\r\n.slider-loop {\r\n  width: 100vw;\r\n  overflow: hidden;\r\n  background-color: #f7d9d7;\r\n  padding: 20px 0;\r\n  box-sizing: border-box;\r\n  margin: 0; \/* quita margen externo *\/\r\n}\r\n\r\n.slider-track {\r\n  display: flex;\r\n  animation: scroll 30s linear infinite;\r\n  margin: 0;\r\n  padding: 0;\r\n  box-sizing: border-box;\r\n}\r\n\r\n\/* im\u00e1genes con margen solo derecha, para separar pero no dejar margen izquierdo *\/\r\n.slider-track img {\r\n  width: 250px;\r\n  height: auto;\r\n  object-fit: cover;\r\n  border-radius: 10px;\r\n  margin-right: 10px;\r\n  display: block;\r\n  flex-shrink: 0;\r\n}\r\n\r\n@keyframes scroll {\r\n  0% {\r\n    transform: translateX(0);\r\n  }\r\n  100% {\r\n    \/* mueve la mitad del track a la izquierda para loop perfecto *\/\r\n    transform: translateX(calc(-50% - 50px)); \/* -50px es margen acumulado aproximado *\/\r\n  }\r\n}\r\n\r\n@media screen and (max-width: 768px) {\r\n  .slider-track img {\r\n    width: 180px;\r\n    margin-right: 8px;\r\n  }\r\n}\r\n<\/style>\r\n\t\t\t\t<\/div>\n\t\t\t\t\t<\/div>\n\t\t\t\t<\/div>\n\t\t<div class=\"elementor-element elementor-element-79b5878 e-flex e-con-boxed e-con e-parent\" data-id=\"79b5878\" data-element_type=\"container\" data-e-type=\"container\" data-settings=\"{&quot;background_background&quot;:&quot;classic&quot;,&quot;shape_divider_top&quot;:&quot;waves&quot;,&quot;_ha_eqh_enable&quot;:false}\">\n\t\t\t\t\t<div class=\"e-con-inner\">\n\t\t\t\t<div class=\"elementor-shape elementor-shape-top\" aria-hidden=\"true\" data-negative=\"false\">\n\t\t\t<svg xmlns=\"http:\/\/www.w3.org\/2000\/svg\" viewbox=\"0 0 1000 100\" preserveaspectratio=\"none\">\n\t<path class=\"elementor-shape-fill\" d=\"M421.9,6.5c22.6-2.5,51.5,0.4,75.5,5.3c23.6,4.9,70.9,23.5,100.5,35.7c75.8,32.2,133.7,44.5,192.6,49.7\tc23.6,2.1,48.7,3.5,103.4-2.5c54.7-6,106.2-25.6,106.2-25.6V0H0v30.3c0,0,72,32.6,158.4,30.5c39.2-0.7,92.8-6.7,134-22.4\tc21.2-8.1,52.2-18.2,79.7-24.2C399.3,7.9,411.6,7.5,421.9,6.5z\"\/>\n<\/svg>\t\t<\/div>\n\t\t<div class=\"elementor-element elementor-element-c899faf e-con-full e-flex e-con e-child\" data-id=\"c899faf\" data-element_type=\"container\" data-e-type=\"container\" data-settings=\"{&quot;_ha_eqh_enable&quot;:false}\">\n\t\t<div class=\"elementor-element elementor-element-9cfb037 e-con-full e-grid e-con e-child\" data-id=\"9cfb037\" data-element_type=\"container\" data-e-type=\"container\" data-settings=\"{&quot;_ha_eqh_enable&quot;:false}\">\n\t\t<div class=\"elementor-element elementor-element-ebce6e5 e-con-full e-flex e-con e-child\" data-id=\"ebce6e5\" data-element_type=\"container\" data-e-type=\"container\" data-settings=\"{&quot;_ha_eqh_enable&quot;:false}\">\n\t\t\t\t<div class=\"elementor-element elementor-element-fc94df5 elementor-widget elementor-widget-heading\" data-id=\"fc94df5\" data-element_type=\"widget\" data-e-type=\"widget\" data-widget_type=\"heading.default\">\n\t\t\t\t\t<h2 class=\"elementor-heading-title elementor-size-default\">I\u00b4m Andreina Zerpa<\/h2>\t\t\t\t<\/div>\n\t\t\t\t<div class=\"elementor-element elementor-element-307c83a elementor-widget elementor-widget-text-editor\" data-id=\"307c83a\" data-element_type=\"widget\" data-e-type=\"widget\" data-widget_type=\"text-editor.default\">\n\t\t\t\t\t\t\t\t\t<p data-start=\"329\" data-end=\"550\">Hello, I am <strong data-start=\"339\" data-end=\"357\">Andreina Zerpa<\/strong>, esthetician with more than five years of experience and founder of <strong data-start=\"423\" data-end=\"435\">Woodbody<\/strong>a space created with the purpose of helping you <strong data-start=\"486\" data-end=\"521\">look good and feel even better<\/strong>, from the inside out.<\/p><p data-start=\"552\" data-end=\"788\">My journey began in <strong data-start=\"573\" data-end=\"586\">Venezuela<\/strong>where I studied rehabilitation, driven by a deep passion for the human body and its capacity to heal. It was there that I discovered that massage not only relaxes, but can transform lives.<\/p><p data-start=\"790\" data-end=\"1061\">Upon arriving at <strong data-start=\"802\" data-end=\"820\">USA<\/strong>I decided to specialize in the aesthetics field to continue doing what I love: taking care of people. That's how it all began. <strong data-start=\"931\" data-end=\"943\">Woodbody<\/strong>, located in <strong data-start=\"956\" data-end=\"977\">West Jordan, Utah<\/strong>, a place where I combine effective techniques with a fully personalized approach.<\/p><p data-start=\"1063\" data-end=\"1209\">I work with <strong data-start=\"1075\" data-end=\"1096\">women and men<\/strong>offering care both in <strong data-start=\"1127\" data-end=\"1153\">Spanish as in English<\/strong>always listening to what your body and mind need.<\/p><p data-start=\"1211\" data-end=\"1446\">I firmly believe that <strong data-start=\"1231\" data-end=\"1264\">I firmly believe that<\/strong>That's why each session I offer is designed not only to improve your appearance, but to help you reconnect with yourself, strengthen your self-esteem, and prioritize your self-care.<\/p><p data-start=\"1448\" data-end=\"1582\">Thank you for trusting me. <strong data-start=\"1478\" data-end=\"1490\">Woodbody<\/strong>Each experience is a step towards a more confident, relaxed, and powerful version of yourself.<\/p>\t\t\t\t\t\t\t\t<\/div>\n\t\t\t\t<\/div>\n\t\t\t\t<div class=\"elementor-element elementor-element-e5baea8 elementor-widget elementor-widget-html\" data-id=\"e5baea8\" data-element_type=\"widget\" data-e-type=\"widget\" data-widget_type=\"html.default\">\n\t\t\t\t\t<div class=\"video-wrapper\">\r\n  <video autoplay muted loop playsinline>\r\n    <source src=\"https:\/\/woodbodys.com\/wp-content\/uploads\/2025\/07\/00807b92-5b2f-4c6f-a5f2-7bb398f405b5-1.mp4\" type=\"video\/mp4\">\r\n    Tu navegador no soporta el video.\r\n  <\/video>\r\n<\/div>\r\n\r\n<style>\r\n.video-wrapper {\r\n  width: 100%;\r\n  max-width: 400px; \/* M\u00e1s peque\u00f1o que antes *\/\r\n  margin: 40px auto;\r\n  border-radius: 20px;\r\n  overflow: hidden;\r\n  box-shadow: 0 4px 15px rgba(0, 0, 0, 0.15);\r\n}\r\n\r\n.video-wrapper video {\r\n  width: 100%;\r\n  height: auto;\r\n  display: block;\r\n  border-radius: 20px;\r\n  object-fit: contain;\r\n  background-color: #000;\r\n}\r\n<\/style>\r\n\t\t\t\t<\/div>\n\t\t\t\t<\/div>\n\t\t\t\t<\/div>\n\t\t\t\t\t<\/div>\n\t\t\t\t<\/div>\n\t\t\t\t<\/div>","protected":false},"excerpt":{"rendered":"<p>Tu bienestar no es un lujo, es una forma de amor propio. Soy Andreina Zerpa Hola, soy Andreina Zerpa, esteticista con m\u00e1s de cinco a\u00f1os de experiencia y fundadora de Woodbody, un espacio creado con el prop\u00f3sito de ayudarte a verte bien y sentirte a\u00fan mejor, desde adentro hacia afuera.Mi camino comenz\u00f3 en Venezuela, donde [&hellip;]<\/p>\n","protected":false},"author":1,"featured_media":0,"parent":0,"menu_order":0,"comment_status":"closed","ping_status":"closed","template":"page-template-blank.php","meta":{"_et_pb_use_builder":"on","_et_pb_old_content":"","_et_gb_content_width":"","footnotes":""},"class_list":["post-164","page","type-page","status-publish","hentry"],"_links":{"self":[{"href":"https:\/\/woodbodys.com\/en\/wp-json\/wp\/v2\/pages\/164","targetHints":{"allow":["GET"]}}],"collection":[{"href":"https:\/\/woodbodys.com\/en\/wp-json\/wp\/v2\/pages"}],"about":[{"href":"https:\/\/woodbodys.com\/en\/wp-json\/wp\/v2\/types\/page"}],"author":[{"embeddable":true,"href":"https:\/\/woodbodys.com\/en\/wp-json\/wp\/v2\/users\/1"}],"replies":[{"embeddable":true,"href":"https:\/\/woodbodys.com\/en\/wp-json\/wp\/v2\/comments?post=164"}],"version-history":[{"count":30,"href":"https:\/\/woodbodys.com\/en\/wp-json\/wp\/v2\/pages\/164\/revisions"}],"predecessor-version":[{"id":505,"href":"https:\/\/woodbodys.com\/en\/wp-json\/wp\/v2\/pages\/164\/revisions\/505"}],"wp:attachment":[{"href":"https:\/\/woodbodys.com\/en\/wp-json\/wp\/v2\/media?parent=164"}],"curies":[{"name":"wp","href":"https:\/\/api.w.org\/{rel}","templated":true}]}}